{"id":961,"date":"2017-10-09T07:25:01","date_gmt":"2017-10-09T06:25:01","guid":{"rendered":"http:\/\/www.chupia.ch\/web\/?page_id=961"},"modified":"2018-10-14T07:06:09","modified_gmt":"2018-10-14T06:06:09","slug":"2018-la-23eme-edition","status":"publish","type":"page","link":"https:\/\/www.chupia.ch\/web\/?page_id=961","title":{"rendered":"2019, la 24\u00e8me \u00e9dition"},"content":{"rendered":"<p>Apr\u00e8s une tr\u00e8s belle cuv\u00e9e 2018, nous pensons d\u00e9j\u00e0 \u00e0 notre prochaine \u00e9dition 2019 \u00a0!<br \/>\nOn vous donne rendez-vous le <strong>12 octobre 2019<\/strong>\u00a0pour la 24<sup>\u00e8me<\/sup> \u00e9dition !<\/p>\n","protected":false},"excerpt":{"rendered":"<p>Apr\u00e8s une tr\u00e8s belle cuv\u00e9e 2018, nous pensons d\u00e9j\u00e0 \u00e0 notre prochaine \u00e9dition 2019 \u00a0! On vous donne rendez-vous le 12 octobre 2019\u00a0pour la 24\u00e8me \u00e9dition !<\/p>\n","protected":false},"author":1,"featured_media":0,"parent":0,"menu_order":0,"comment_status":"closed","ping_status":"closed","template":"","meta":{"_acf_changed":false,"jetpack_post_was_ever_published":false,"footnotes":""},"class_list":["post-961","page","type-page","status-publish","hentry"],"acf":[],"jetpack_sharing_enabled":true,"jetpack_shortlink":"https:\/\/wp.me\/P6GBnZ-fv","jetpack-related-posts":[{"id":635,"url":"https:\/\/www.chupia.ch\/web\/?page_id=635","url_meta":{"origin":961,"position":0},"title":"R\u00e9sultats","author":"francois","date":"14 juillet 2015","format":false,"excerpt":"7\u00e8me \u00e9dition: 2002 8\u00e8me \u00e9dition: 2003 9\u00e8me \u00e9dition: 2004 10\u00e8me \u00e9dition: 2005 11\u00e8me \u00e9dition: 2006 12\u00e8me \u00e9dition: 2007 13\u00e8me \u00e9dition: 2008 14\u00e8me \u00e9dition: 2009 15\u00e8me \u00e9dition: 2010 16\u00e8me \u00e9dition: 2011 17\u00e8me \u00e9dition: 2012 18\u00e8me \u00e9dition: 2013 19\u00e8me \u00e9dition: 2014 20\u00e8me \u00e9dition: 2015 21\u00e8me \u00e9dition: 2016 22\u00e8me \u00e9dition: 2017 23\u00e8me \u00e9dition:\u2026","rel":"","context":"Article similaire","block_context":{"text":"Article similaire","link":""},"img":{"alt_text":"","src":"","width":0,"height":0},"classes":[]},{"id":1191,"url":"https:\/\/www.chupia.ch\/web\/?page_id=1191","url_meta":{"origin":961,"position":1},"title":"2020, la 25\u00e8me \u00e9dition","author":"francois","date":"13 octobre 2019","format":false,"excerpt":"Apr\u00e8s une tr\u00e8s belle course 2019 avec le soleil et beaucoup de participants, nous pensons d\u00e9j\u00e0 \u00e0 notre prochaine \u00e9dition 2020 \u00a0! On vous donne rendez-vous le 10 octobre 2020\u00a0pour la 25\u00e8me \u00e9dition ! Cette course sera, dans le contexte actuelle, tr\u00e8s particuli\u00e8re. Nous devons en effet annuler les courses\u2026","rel":"","context":"Article similaire","block_context":{"text":"Article similaire","link":""},"img":{"alt_text":"","src":"https:\/\/i0.wp.com\/www.chupia.ch\/web\/wp-content\/uploads\/2020\/08\/Logo-FriRun-CUP_norm40gl.jpg?resize=350%2C200&ssl=1","width":350,"height":200},"classes":[]},{"id":597,"url":"https:\/\/www.chupia.ch\/web\/?page_id=597","url_meta":{"origin":961,"position":2},"title":"D\u00e9tails 20\u00e8me Edition","author":"francois","date":"3 juin 2015","format":false,"excerpt":"Voici les d\u00e9tails (particularit\u00e9s) de la 20\u00e8me \u00e9dition de la Chupia Pante: \u00a0 bla bla","rel":"","context":"Article similaire","block_context":{"text":"Article similaire","link":""},"img":{"alt_text":"","src":"","width":0,"height":0},"classes":[]},{"id":1888,"url":"https:\/\/www.chupia.ch\/web\/?page_id=1888","url_meta":{"origin":961,"position":3},"title":"2026, la 31\u00e8me \u00e9dition","author":"francois","date":"31 mars 2026","format":false,"excerpt":"Apr\u00e8s une course 2025 pleine de bons moments, nous pensons d\u00e9j\u00e0 \u00e0 notre prochaine \u00e9dition 2026\u00a0 ! On vous donne rendez-vous le 10 octobre 2026 pour la 31\u00e8me \u00e9dition !","rel":"","context":"Article similaire","block_context":{"text":"Article similaire","link":""},"img":{"alt_text":"","src":"","width":0,"height":0},"classes":[]},{"id":1443,"url":"https:\/\/www.chupia.ch\/web\/?page_id=1443","url_meta":{"origin":961,"position":4},"title":"2022, la 27\u00e8me \u00e9dition","author":"francois","date":"12 octobre 2021","format":false,"excerpt":"Apr\u00e8s une tr\u00e8s belle course 2021 avec le retour des courses des enfants, nous pensons d\u00e9j\u00e0 \u00e0 notre prochaine \u00e9dition 2022 \u00a0! On vous donne rendez-vous le 8 octobre 2022\u00a0pour la 27\u00e8me \u00e9dition !","rel":"","context":"Article similaire","block_context":{"text":"Article similaire","link":""},"img":{"alt_text":"","src":"","width":0,"height":0},"classes":[]},{"id":1503,"url":"https:\/\/www.chupia.ch\/web\/?page_id=1503","url_meta":{"origin":961,"position":5},"title":"2023, la 28\u00e8me \u00e9dition","author":"francois","date":"7 novembre 2022","format":false,"excerpt":"Apr\u00e8s une tr\u00e8s belle course 2022 et un retour \u00e0 la \"normal\", nous pensons d\u00e9j\u00e0 \u00e0 notre prochaine \u00e9dition 2023 \u00a0! On vous donne rendez-vous le 7\u00a0octobre 2023\u00a0pour la 28\u00e8me \u00e9dition !","rel":"","context":"Article similaire","block_context":{"text":"Article similaire","link":""},"img":{"alt_text":"","src":"","width":0,"height":0},"classes":[]}],"_links":{"self":[{"href":"https:\/\/www.chupia.ch\/web\/index.php?rest_route=\/wp\/v2\/pages\/961","targetHints":{"allow":["GET"]}}],"collection":[{"href":"https:\/\/www.chupia.ch\/web\/index.php?rest_route=\/wp\/v2\/pages"}],"about":[{"href":"https:\/\/www.chupia.ch\/web\/index.php?rest_route=\/wp\/v2\/types\/page"}],"author":[{"embeddable":true,"href":"https:\/\/www.chupia.ch\/web\/index.php?rest_route=\/wp\/v2\/users\/1"}],"replies":[{"embeddable":true,"href":"https:\/\/www.chupia.ch\/web\/index.php?rest_route=%2Fwp%2Fv2%2Fcomments&post=961"}],"version-history":[{"count":2,"href":"https:\/\/www.chupia.ch\/web\/index.php?rest_route=\/wp\/v2\/pages\/961\/revisions"}],"predecessor-version":[{"id":1109,"href":"https:\/\/www.chupia.ch\/web\/index.php?rest_route=\/wp\/v2\/pages\/961\/revisions\/1109"}],"wp:attachment":[{"href":"https:\/\/www.chupia.ch\/web\/index.php?rest_route=%2Fwp%2Fv2%2Fmedia&parent=961"}],"curies":[{"name":"wp","href":"https:\/\/api.w.org\/{rel}","templated":true}]}}