{"id":8,"date":"2015-05-06T20:00:50","date_gmt":"2015-05-06T19:00:50","guid":{"rendered":"http:\/\/chupia.buntschu.ch\/?page_id=8"},"modified":"2025-09-07T13:58:50","modified_gmt":"2025-09-07T12:58:50","slug":"programme-et-categories","status":"publish","type":"page","link":"https:\/\/www.chupia.ch\/web\/?page_id=8","title":{"rendered":"Programme et cat\u00e9gories"},"content":{"rendered":"<div id=\"pl-8\" class=\"panel-layout\">\n<div id=\"pg-8-0\" class=\"panel-grid panel-no-style\">\n<div id=\"pgc-8-0-0\" class=\"panel-grid-cell\" data-weight=\"1\">\n<div id=\"panel-8-0-0-0\" class=\"so-panel widget widget_black-studio-tinymce widget_black_studio_tinymce panel-first-child panel-last-child\" data-index=\"0\" data-style=\"{&quot;background&quot;:&quot;#ffffff&quot;,&quot;background_image_attachment&quot;:false,&quot;background_display&quot;:&quot;tile&quot;}\">\n<div class=\"panel-widget-style panel-widget-style-for-8-0-0-0\">\n<div class=\"textwidget\">\n<h2 style=\"text-align: left;\">Courses enfants &amp; adapt\u00e9es<\/h2>\n<table style=\"width: 79.631956%; height: 333px;\" cellspacing=\"0\" cellpadding=\"0\">\n<tbody>\n<tr style=\"height: 33px;\">\n<td style=\"text-align: left; height: 33px;\" colspan=\"2\" height=\"33\"><strong>Cat\u00e9gories<\/strong><\/td>\n<td style=\"text-align: left; height: 33px;\" width=\"145\"><strong>Ann\u00e9es<\/strong><\/td>\n<td style=\"text-align: left; height: 33px;\"><strong>Distance<\/strong><\/td>\n<td style=\"text-align: left; height: 33px;\"><strong>D\u00e9part<\/strong><\/td>\n<td style=\"text-align: left; height: 33px;\"><strong>Finance<\/strong><\/td>\n<td style=\"text-align: left; height: 33px;\"><\/td>\n<\/tr>\n<tr style=\"height: 28px;\">\n<td style=\"text-align: left; height: 28px;\" width=\"23\" height=\"28\">1<\/td>\n<td style=\"text-align: left; height: 28px;\" width=\"165\">Poussins<\/td>\n<td style=\"text-align: left; height: 28px;\">2018 et plus jeunes<\/td>\n<td style=\"text-align: left; height: 28px;\">0,7 km<\/td>\n<td style=\"text-align: left; height: 28px;\" width=\"220\">09h45<\/td>\n<td style=\"text-align: left; height: 28px;\">CHF 10<\/td>\n<td style=\"text-align: left; height: 28px;\"><\/td>\n<\/tr>\n<tr style=\"height: 28px;\">\n<td style=\"text-align: left; height: 28px;\" width=\"23\" height=\"28\">2<\/td>\n<td style=\"text-align: left; height: 28px;\" width=\"165\">Poussines<\/td>\n<td style=\"text-align: left; height: 28px;\">2018 et plus jeunes<\/td>\n<td style=\"text-align: left; height: 28px;\">0,7 km<\/td>\n<td style=\"text-align: left; height: 28px;\" width=\"220\">10h00<\/td>\n<td style=\"text-align: left; height: 28px;\">CHF 10<\/td>\n<td style=\"text-align: left; height: 28px;\"><\/td>\n<\/tr>\n<tr style=\"height: 28px;\">\n<td style=\"text-align: left; height: 28px;\" width=\"23\" height=\"28\">3<\/td>\n<td style=\"text-align: left; height: 28px;\" width=\"165\">Ecoliers C<\/td>\n<td style=\"text-align: left; height: 28px;\">2016-2017<\/td>\n<td style=\"text-align: left; height: 28px;\">1 km<\/td>\n<td style=\"text-align: left; height: 28px;\" width=\"220\">10h15<\/td>\n<td style=\"text-align: left; height: 28px;\">CHF 10<\/td>\n<td style=\"text-align: left; height: 28px;\"><\/td>\n<\/tr>\n<tr style=\"height: 28px;\">\n<td style=\"text-align: left; height: 28px;\" width=\"23\" height=\"28\">4<\/td>\n<td style=\"text-align: left; height: 28px;\" width=\"165\">Ecoli\u00e8res C<\/td>\n<td style=\"text-align: left; height: 28px;\">2016-2017<\/td>\n<td style=\"text-align: left; height: 28px;\">1 km<\/td>\n<td style=\"text-align: left; height: 28px;\" width=\"220\">10h30<\/td>\n<td style=\"text-align: left; height: 28px;\">CHF 10<\/td>\n<td style=\"text-align: left; height: 28px;\"><\/td>\n<\/tr>\n<tr style=\"height: 28px;\">\n<td style=\"text-align: left; height: 28px;\" width=\"23\" height=\"28\">5<\/td>\n<td style=\"text-align: left; height: 28px;\" width=\"165\">Ecoliers B<\/td>\n<td style=\"text-align: left; height: 28px;\">2014-2015<\/td>\n<td style=\"text-align: left; height: 28px;\">2 km<\/td>\n<td style=\"text-align: left; height: 28px;\" width=\"220\">10h45<\/td>\n<td style=\"text-align: left; height: 28px;\">CHF 10<\/td>\n<td style=\"text-align: left; height: 28px;\"><\/td>\n<\/tr>\n<tr style=\"height: 28px;\">\n<td style=\"text-align: left; height: 28px;\" width=\"23\" height=\"28\">6<\/td>\n<td style=\"text-align: left; height: 28px;\" width=\"165\">Ecoli\u00e8res B<\/td>\n<td style=\"text-align: left; height: 28px;\">2014-2015<\/td>\n<td style=\"text-align: left; height: 28px;\">2 km<\/td>\n<td style=\"text-align: left; height: 28px;\" width=\"220\">10h45<\/td>\n<td style=\"text-align: left; height: 28px;\">CHF 10<\/td>\n<td style=\"text-align: left; height: 28px;\"><\/td>\n<\/tr>\n<tr style=\"height: 28px;\">\n<td style=\"text-align: left; height: 28px;\" width=\"23\" height=\"28\">7<\/td>\n<td style=\"text-align: left; height: 28px;\" width=\"165\">Course adapt\u00e9e<\/td>\n<td style=\"text-align: left; height: 28px;\">&#8211;<\/td>\n<td style=\"text-align: left; height: 28px;\">0,6 km<\/td>\n<td style=\"text-align: left; height: 28px;\" width=\"220\">11h00<\/td>\n<td style=\"text-align: left; height: 28px;\">CHF 10<\/td>\n<td style=\"text-align: left; height: 28px;\"><\/td>\n<\/tr>\n<tr style=\"height: 28px;\">\n<td style=\"text-align: left; height: 28px;\" width=\"23\" height=\"28\">8<\/td>\n<td style=\"text-align: left; height: 28px;\" width=\"165\">Ecoliers A<\/td>\n<td style=\"text-align: left; height: 28px;\">2012-2013<\/td>\n<td style=\"text-align: left; height: 28px;\">2,3 km<\/td>\n<td style=\"text-align: left; height: 28px;\" width=\"220\">11h15<\/td>\n<td style=\"text-align: left; height: 28px;\">CHF 10<\/td>\n<td style=\"text-align: left; height: 28px;\"><\/td>\n<\/tr>\n<tr style=\"height: 28px;\">\n<td style=\"text-align: left; height: 28px;\" width=\"23\" height=\"28\">9<\/td>\n<td style=\"text-align: left; height: 28px;\" width=\"165\">Ecoli\u00e8res A<\/td>\n<td style=\"text-align: left; height: 28px;\">2012-2013<\/td>\n<td style=\"text-align: left; height: 28px;\">2,3 km<\/td>\n<td style=\"text-align: left; height: 28px;\" width=\"220\">11h15<\/td>\n<td style=\"text-align: left; height: 28px;\">CHF 10<\/td>\n<td style=\"text-align: left; height: 28px;\"><\/td>\n<\/tr>\n<tr style=\"height: 24px;\">\n<td style=\"text-align: left; height: 24px;\"><\/td>\n<td style=\"text-align: left; height: 24px;\"><\/td>\n<td style=\"text-align: left; height: 24px;\"><\/td>\n<td style=\"text-align: left; height: 24px;\"><\/td>\n<td style=\"text-align: left; height: 24px;\"><\/td>\n<td style=\"text-align: left; height: 24px;\"><\/td>\n<td style=\"text-align: left; height: 24px;\"><\/td>\n<\/tr>\n<tr style=\"height: 24px;\">\n<td style=\"text-align: left; height: 24px;\">30<\/td>\n<td style=\"text-align: left; height: 24px;\">Course d\u00e9guis\u00e9e<\/td>\n<td style=\"text-align: left; height: 24px;\">TOUS<\/td>\n<td style=\"text-align: left; height: 24px;\">1 km<\/td>\n<td style=\"text-align: left; height: 24px;\">11h30<\/td>\n<td style=\"text-align: left; height: 24px;\">Gratuit<\/td>\n<td style=\"text-align: left; height: 24px;\"><\/td>\n<\/tr>\n<\/tbody>\n<\/table>\n<hr \/>\n<h2 style=\"text-align: left;\">Course individuelle contre-la-montre<\/h2>\n<table style=\"width: 100.77864646220719%; height: 665px;\" cellspacing=\"0\" cellpadding=\"0\">\n<tbody>\n<tr>\n<td style=\"text-align: left; width: 25.373134328358212%;\" colspan=\"2\" height=\"33\"><strong>Cat\u00e9gories<\/strong><\/td>\n<td style=\"width: 23.71475953565506%; text-align: left;\" width=\"145\"><strong>Ann\u00e9es<\/strong><\/td>\n<td style=\"text-align: left; width: 11.940298507462686%;\"><strong>Distance<\/strong><\/td>\n<td style=\"text-align: left; width: 27.363184079601986%;\"><strong>D\u00e9part<\/strong><\/td>\n<td style=\"text-align: left; width: 10.945273631840797%;\"><strong>Finance<\/strong><\/td>\n<td style=\"text-align: left; width: 1.658374792703151%;\"><\/td>\n<\/tr>\n<tr>\n<td style=\"text-align: left; vertical-align: top; width: 3.6484245439469323%;\" width=\"23\" height=\"28\">10<\/td>\n<td style=\"text-align: left; vertical-align: top; width: 21.724709784411278%;\" width=\"165\">Cadets B<\/td>\n<td style=\"text-align: left; vertical-align: top; width: 23.71475953565506%;\">2010-2011<\/td>\n<td style=\"text-align: left; vertical-align: top; width: 11.940298507462686%;\">5,910 km<\/td>\n<td style=\"text-align: left; vertical-align: top; width: 27.363184079601986%;\" width=\"220\">Toutes les 15 sec.de 13h15 \u00e0 16h00<\/td>\n<td style=\"text-align: left; vertical-align: top; width: 10.945273631840797%;\">CHF 20<\/td>\n<td style=\"text-align: left; vertical-align: top; width: 1.658374792703151%;\"><\/td>\n<\/tr>\n<tr>\n<td style=\"text-align: left; vertical-align: top; width: 3.6484245439469323%;\" width=\"23\" height=\"28\">11<\/td>\n<td style=\"text-align: left; vertical-align: top; width: 21.724709784411278%;\" width=\"165\">Cadettes B<\/td>\n<td style=\"text-align: left; vertical-align: top; width: 23.71475953565506%;\">2010-2011<\/td>\n<td style=\"text-align: left; vertical-align: top; width: 11.940298507462686%;\">5,910 km<\/td>\n<td style=\"text-align: left; vertical-align: top; width: 27.363184079601986%;\" width=\"220\">Toutes les 15 sec.de 13h15 \u00e0 16h00<\/td>\n<td style=\"text-align: left; vertical-align: top; width: 10.945273631840797%;\">CHF 20<\/td>\n<td style=\"text-align: left; vertical-align: top; width: 1.658374792703151%;\"><\/td>\n<\/tr>\n<tr>\n<td style=\"text-align: left; vertical-align: top; width: 3.6484245439469323%;\" width=\"23\" height=\"28\">12<\/td>\n<td style=\"text-align: left; vertical-align: top; width: 21.724709784411278%;\" width=\"165\">Cadets A<\/td>\n<td style=\"text-align: left; vertical-align: top; width: 23.71475953565506%;\">2008-2009<\/td>\n<td style=\"text-align: left; vertical-align: top; width: 11.940298507462686%;\">5,910 km<\/td>\n<td style=\"text-align: left; vertical-align: top; width: 27.363184079601986%;\" width=\"220\">Toutes les 15 sec.de 13h15 \u00e0 16h00<\/td>\n<td style=\"text-align: left; vertical-align: top; width: 10.945273631840797%;\">CHF 20<\/td>\n<td style=\"text-align: left; vertical-align: top; width: 1.658374792703151%;\"><\/td>\n<\/tr>\n<tr>\n<td style=\"text-align: left; vertical-align: top; width: 3.6484245439469323%;\" width=\"23\" height=\"28\">13<\/td>\n<td style=\"text-align: left; vertical-align: top; width: 21.724709784411278%;\" width=\"165\">Cadettes A<\/td>\n<td style=\"text-align: left; vertical-align: top; width: 23.71475953565506%;\">2008-2009<\/td>\n<td style=\"text-align: left; vertical-align: top; width: 11.940298507462686%;\">5,910 km<\/td>\n<td style=\"text-align: left; vertical-align: top; width: 27.363184079601986%;\" width=\"220\">Toutes les 15 sec.de 13h15 \u00e0 16h00<\/td>\n<td style=\"text-align: left; vertical-align: top; width: 10.945273631840797%;\">CHF 20<\/td>\n<td style=\"text-align: left; vertical-align: top; width: 1.658374792703151%;\"><\/td>\n<\/tr>\n<tr>\n<td style=\"text-align: left; vertical-align: top; width: 3.6484245439469323%;\" width=\"23\" height=\"28\">14<\/td>\n<td style=\"text-align: left; vertical-align: top; width: 21.724709784411278%;\" width=\"165\">Juniors M19<\/td>\n<td style=\"text-align: left; vertical-align: top; width: 23.71475953565506%;\">2006-2007<\/td>\n<td style=\"text-align: left; vertical-align: top; width: 11.940298507462686%;\">5,910 km<\/td>\n<td style=\"text-align: left; vertical-align: top; width: 27.363184079601986%;\" width=\"220\">Toutes les 15 sec.de 13h15 \u00e0 16h00<\/td>\n<td style=\"text-align: left; vertical-align: top; width: 10.945273631840797%;\">CHF 20<\/td>\n<td style=\"text-align: left; vertical-align: top; width: 1.658374792703151%;\"><\/td>\n<\/tr>\n<tr>\n<td style=\"text-align: left; vertical-align: top; width: 3.6484245439469323%;\" width=\"23\" height=\"28\">15<\/td>\n<td style=\"text-align: left; vertical-align: top; width: 21.724709784411278%;\" width=\"165\">Juniores F19<\/td>\n<td style=\"text-align: left; vertical-align: top; width: 23.71475953565506%;\">2006-2007<\/td>\n<td style=\"text-align: left; vertical-align: top; width: 11.940298507462686%;\">5,910 km<\/td>\n<td style=\"text-align: left; vertical-align: top; width: 27.363184079601986%;\" width=\"220\">Toutes les 15 sec.de 13h15 \u00e0 16h00<\/td>\n<td style=\"text-align: left; vertical-align: top; width: 10.945273631840797%;\">CHF 20<\/td>\n<td style=\"text-align: left; vertical-align: top; width: 1.658374792703151%;\"><\/td>\n<\/tr>\n<tr>\n<td style=\"text-align: left; vertical-align: top; width: 3.6484245439469323%;\" width=\"23\" height=\"28\">16<\/td>\n<td style=\"text-align: left; vertical-align: top; width: 21.724709784411278%;\" width=\"165\">Actifs M20<\/td>\n<td style=\"text-align: left; vertical-align: top; width: 23.71475953565506%;\">1986-2005<\/td>\n<td style=\"text-align: left; vertical-align: top; width: 11.940298507462686%;\">5,910 km<\/td>\n<td style=\"text-align: left; vertical-align: top; width: 27.363184079601986%;\" width=\"220\">Toutes les 15 sec.de 13h15 \u00e0 16h00<\/td>\n<td style=\"text-align: left; vertical-align: top; width: 10.945273631840797%;\">CHF 20<\/td>\n<td style=\"text-align: left; vertical-align: top; width: 1.658374792703151%;\"><\/td>\n<\/tr>\n<tr>\n<td style=\"text-align: left; vertical-align: top; width: 3.6484245439469323%;\" width=\"23\" height=\"28\">17<\/td>\n<td style=\"text-align: left; vertical-align: top; width: 21.724709784411278%;\" width=\"165\">Dames F20<\/td>\n<td style=\"text-align: left; vertical-align: top; width: 23.71475953565506%;\">1986-2005<\/td>\n<td style=\"text-align: left; vertical-align: top; width: 11.940298507462686%;\">5,910 km<\/td>\n<td style=\"text-align: left; vertical-align: top; width: 27.363184079601986%;\" width=\"220\">Toutes les 15 sec.de 13h15 \u00e0 16h00<\/td>\n<td style=\"text-align: left; vertical-align: top; width: 10.945273631840797%;\">CHF 20<\/td>\n<td style=\"text-align: left; vertical-align: top; width: 1.658374792703151%;\"><\/td>\n<\/tr>\n<tr>\n<td style=\"text-align: left; vertical-align: top; width: 3.6484245439469323%;\" width=\"23\" height=\"28\">18<\/td>\n<td style=\"text-align: left; vertical-align: top; width: 21.724709784411278%;\" width=\"165\">V\u00e9t\u00e9rans M40<\/td>\n<td style=\"text-align: left; vertical-align: top; width: 23.71475953565506%;\">1976-1985<\/td>\n<td style=\"text-align: left; vertical-align: top; width: 11.940298507462686%;\">5,910 km<\/td>\n<td style=\"text-align: left; vertical-align: top; width: 27.363184079601986%;\" width=\"220\">Toutes les 15 sec.de 13h15 \u00e0 16h00<\/td>\n<td style=\"text-align: left; vertical-align: top; width: 10.945273631840797%;\">CHF 20<\/td>\n<td style=\"text-align: left; vertical-align: top; width: 1.658374792703151%;\"><\/td>\n<\/tr>\n<tr>\n<td style=\"text-align: left; vertical-align: top; width: 3.6484245439469323%;\" width=\"23\" height=\"28\">19<\/td>\n<td style=\"text-align: left; vertical-align: top; width: 21.724709784411278%;\" width=\"165\">Dames F40<\/td>\n<td style=\"text-align: left; vertical-align: top; width: 23.71475953565506%;\">1976-1985<\/td>\n<td style=\"text-align: left; vertical-align: top; width: 11.940298507462686%;\">5,910 km<\/td>\n<td style=\"text-align: left; vertical-align: top; width: 27.363184079601986%;\" width=\"220\">Toutes les 15 sec.de 13h15 \u00e0 16h00<\/td>\n<td style=\"text-align: left; vertical-align: top; width: 10.945273631840797%;\">CHF 20<\/td>\n<td style=\"text-align: left; vertical-align: top; width: 1.658374792703151%;\"><\/td>\n<\/tr>\n<tr>\n<td style=\"text-align: left; vertical-align: top; width: 3.6484245439469323%;\" width=\"23\" height=\"28\">20<\/td>\n<td style=\"text-align: left; vertical-align: top; width: 21.724709784411278%;\" width=\"165\">V\u00e9t\u00e9rans M50<\/td>\n<td style=\"text-align: left; vertical-align: top; width: 23.71475953565506%;\">1966-1975<\/td>\n<td style=\"text-align: left; vertical-align: top; width: 11.940298507462686%;\">5,910 km<\/td>\n<td style=\"text-align: left; vertical-align: top; width: 27.363184079601986%;\" width=\"220\">Toutes les 15 sec.de 13h15 \u00e0 16h00<\/td>\n<td style=\"text-align: left; vertical-align: top; width: 10.945273631840797%;\">CHF 20<\/td>\n<td style=\"text-align: left; vertical-align: top; width: 1.658374792703151%;\"><\/td>\n<\/tr>\n<tr>\n<td style=\"text-align: left; vertical-align: top; width: 3.6484245439469323%;\" width=\"23\" height=\"28\">21<\/td>\n<td style=\"text-align: left; vertical-align: top; width: 21.724709784411278%;\" width=\"165\">Dames F50<\/td>\n<td style=\"text-align: left; vertical-align: top; width: 23.71475953565506%;\">1966-1975<\/td>\n<td style=\"text-align: left; vertical-align: top; width: 11.940298507462686%;\">5,910 km<\/td>\n<td style=\"text-align: left; vertical-align: top; width: 27.363184079601986%;\" width=\"220\">Toutes les 15 sec.de 13h15 \u00e0 16h00<\/td>\n<td style=\"text-align: left; vertical-align: top; width: 10.945273631840797%;\">CHF 20<\/td>\n<td style=\"text-align: left; vertical-align: top; width: 1.658374792703151%;\"><\/td>\n<\/tr>\n<tr>\n<td style=\"text-align: left; vertical-align: top; width: 3.6484245439469323%;\" width=\"23\" height=\"28\">22<\/td>\n<td style=\"text-align: left; vertical-align: top; width: 21.724709784411278%;\" width=\"165\">V\u00e9t\u00e9rans M60<\/td>\n<td style=\"text-align: left; vertical-align: top; width: 23.71475953565506%;\">1956-1965<\/td>\n<td style=\"text-align: left; vertical-align: top; width: 11.940298507462686%;\">5,910 km<\/td>\n<td style=\"text-align: left; vertical-align: top; width: 27.363184079601986%;\" width=\"220\">Toutes les 15 sec.de 13h15 \u00e0 16h00<\/td>\n<td style=\"text-align: left; vertical-align: top; width: 10.945273631840797%;\">CHF 20<\/td>\n<td style=\"text-align: left; vertical-align: top; width: 1.658374792703151%;\"><\/td>\n<\/tr>\n<tr>\n<td style=\"text-align: left; vertical-align: top; width: 3.6484245439469323%;\" width=\"23\" height=\"28\">23<\/td>\n<td style=\"text-align: left; vertical-align: top; width: 21.724709784411278%;\" width=\"165\">Dames F60<\/td>\n<td style=\"text-align: left; vertical-align: top; width: 23.71475953565506%;\">1926-1965<\/td>\n<td style=\"text-align: left; vertical-align: top; width: 11.940298507462686%;\">5,910 km<\/td>\n<td style=\"text-align: left; vertical-align: top; width: 27.363184079601986%;\" width=\"220\">Toutes les 15 sec.de 13h15 \u00e0 16h00<\/td>\n<td style=\"text-align: left; vertical-align: top; width: 10.945273631840797%;\">CHF 20<\/td>\n<td style=\"text-align: left; vertical-align: top; width: 1.658374792703151%;\"><\/td>\n<\/tr>\n<tr>\n<td style=\"text-align: left; vertical-align: top; width: 3.6484245439469323%;\" width=\"23\" height=\"28\">24<\/td>\n<td style=\"text-align: left; vertical-align: top; width: 21.724709784411278%;\" width=\"165\">V\u00e9t\u00e9rans M70<\/td>\n<td style=\"text-align: left; vertical-align: top; width: 23.71475953565506%;\">1926-1955<\/td>\n<td style=\"text-align: left; vertical-align: top; width: 11.940298507462686%;\">5,910 km<\/td>\n<td style=\"text-align: left; vertical-align: top; width: 27.363184079601986%;\" width=\"220\">Toutes les 15 sec.de 13h15 \u00e0 16h00<\/td>\n<td style=\"text-align: left; vertical-align: top; width: 10.945273631840797%;\">CHF 20<\/td>\n<td style=\"text-align: left; vertical-align: top; width: 1.658374792703151%;\"><\/td>\n<\/tr>\n<\/tbody>\n<\/table>\n<\/div>\n<\/div>\n<\/div>\n<\/div>\n<\/div>\n<\/div>\n","protected":false},"excerpt":{"rendered":"<p>Courses enfants &amp; adapt\u00e9es Cat\u00e9gories Ann\u00e9es Distance D\u00e9part Finance 1 Poussins 2018 et plus jeunes 0,7 km 09h45 CHF 10 2 Poussines 2018 et plus jeunes 0,7 km 10h00 CHF 10 3 Ecoliers C 2016-2017 1 km 10h15 CHF 10 4 Ecoli\u00e8res C 2016-2017 1 km 10h30 CHF 10 5 [&hellip;]<\/p>\n","protected":false},"author":1,"featured_media":0,"parent":0,"menu_order":0,"comment_status":"closed","ping_status":"open","template":"","meta":{"_acf_changed":false,"jetpack_post_was_ever_published":false,"footnotes":""},"class_list":["post-8","page","type-page","status-publish","hentry"],"acf":[],"jetpack_sharing_enabled":true,"jetpack_shortlink":"https:\/\/wp.me\/P6GBnZ-8","jetpack-related-posts":[{"id":628,"url":"https:\/\/www.chupia.ch\/web\/?page_id=628","url_meta":{"origin":8,"position":0},"title":"Informations","author":"francois","date":"14 juillet 2015","format":false,"excerpt":"Organisation CS Marsens (Groupe course \u00e0 pied) Samedi 10 octobre 2026 Inscriptions Par Internet : http:\/\/www.chupia.ch, jusqu\u2019au 08 octobre 2026 \u00e0 12h00. Sur place: au plus tard 15 minutes avant le d\u00e9part individuel pour le contre-la-montre ou 45 minutes avant le d\u00e9part de la cat\u00e9gorie pour les courses du matin.\u2026","rel":"","context":"Article similaire","block_context":{"text":"Article similaire","link":""},"img":{"alt_text":"","src":"","width":0,"height":0},"classes":[]},{"id":6,"url":"https:\/\/www.chupia.ch\/web\/?page_id=6","url_meta":{"origin":8,"position":1},"title":"Derniers articles","author":"francois","date":"6 mai 2015","format":false,"excerpt":"Inscriptions Internet: www.chupia.ch,\u00a0jusqu\u2019au 7 octobre 2015 \u00e0 12h00 puis sur place, 15 min. avant le d\u00e9part individuel pour le contre-la-montre\u00a0ou 45 min. avant le d\u00e9part de la cat\u00e9gorie pour les courses des enfants Pour l'\u00e9preuve Walking, inscription uniquement sur place sans suppl\u00e9ment. Distribution\u00a0des dossards Halle de gym, d\u00e8s 08h00 (au\u2026","rel":"","context":"Article similaire","block_context":{"text":"Article similaire","link":""},"img":{"alt_text":"","src":"","width":0,"height":0},"classes":[]},{"id":638,"url":"https:\/\/www.chupia.ch\/web\/?page_id=638","url_meta":{"origin":8,"position":2},"title":"Parcours","author":"francois","date":"14 juillet 2015","format":false,"excerpt":"Parcours contre-la-montre (5.910 km \/ +131.2 m) Parcours courses enfants & adapt\u00e9es \u00a0 (Un passage sera libre entre la cr\u00e8che et les b\u00e2timents containers.)","rel":"","context":"Article similaire","block_context":{"text":"Article similaire","link":""},"img":{"alt_text":"","src":"https:\/\/i0.wp.com\/www.chupia.ch\/web\/wp-content\/uploads\/2025\/09\/Capture-decran-2025-09-17-a-20.41.31-300x218.png?resize=350%2C200&ssl=1","width":350,"height":200},"classes":[]},{"id":1385,"url":"https:\/\/www.chupia.ch\/web\/?page_id=1385","url_meta":{"origin":8,"position":3},"title":"2021, la 26\u00e8me \u00e9dition","author":"francois","date":"22 ao\u00fbt 2021","format":false,"excerpt":"Apr\u00e8s une tr\u00e8s belle course 2020 marqu\u00e9e par la pand\u00e9mie, nous pensons d\u00e9j\u00e0 \u00e0 notre prochaine \u00e9dition 2021 \u00a0! On vous donne rendez-vous le 9 octobre 2021\u00a0pour la 26\u00e8me \u00e9dition ! Si les conditions actuelles restent ce qu'elles sont, nous pourrons normalement r\u00e9aliser la course selon le mod\u00e8le des ann\u00e9es\u2026","rel":"","context":"Article similaire","block_context":{"text":"Article similaire","link":""},"img":{"alt_text":"","src":"https:\/\/i0.wp.com\/www.chupia.ch\/web\/wp-content\/uploads\/2020\/08\/Logo-FriRun-CUP_norm40gl.jpg?resize=350%2C200&ssl=1","width":350,"height":200},"classes":[]},{"id":645,"url":"https:\/\/www.chupia.ch\/web\/?page_id=645","url_meta":{"origin":8,"position":4},"title":"Comit\u00e9 d&rsquo;organisation et contact","author":"francois","date":"14 juillet 2015","format":false,"excerpt":"Jeanne Hofer (informations@chupia.ch) t\u00e9l: +41 79 606 47 49 Pr\u00e9sidence - programme - inscriptions - site internet Laurence Rodi Caissi\u00e8re Sylviane Meyer Secr\u00e9tariat - inscriptions Didier Perrottet (sponsors@chupia.ch) Sponsors Laurent Savary B\u00e9n\u00e9voles Marcel Descloux \/ Martin Wyssm\u00fcller\u00a0 Parcours - infrastructure g\u00e9n\u00e9rale Fabienne Morard Ravitaillement - restauration - prix souvenir enfants\u2026","rel":"","context":"Article similaire","block_context":{"text":"Article similaire","link":""},"img":{"alt_text":"","src":"","width":0,"height":0},"classes":[]},{"id":1191,"url":"https:\/\/www.chupia.ch\/web\/?page_id=1191","url_meta":{"origin":8,"position":5},"title":"2020, la 25\u00e8me \u00e9dition","author":"francois","date":"13 octobre 2019","format":false,"excerpt":"Apr\u00e8s une tr\u00e8s belle course 2019 avec le soleil et beaucoup de participants, nous pensons d\u00e9j\u00e0 \u00e0 notre prochaine \u00e9dition 2020 \u00a0! On vous donne rendez-vous le 10 octobre 2020\u00a0pour la 25\u00e8me \u00e9dition ! Cette course sera, dans le contexte actuelle, tr\u00e8s particuli\u00e8re. Nous devons en effet annuler les courses\u2026","rel":"","context":"Article similaire","block_context":{"text":"Article similaire","link":""},"img":{"alt_text":"","src":"https:\/\/i0.wp.com\/www.chupia.ch\/web\/wp-content\/uploads\/2020\/08\/Logo-FriRun-CUP_norm40gl.jpg?resize=350%2C200&ssl=1","width":350,"height":200},"classes":[]}],"_links":{"self":[{"href":"https:\/\/www.chupia.ch\/web\/index.php?rest_route=\/wp\/v2\/pages\/8","targetHints":{"allow":["GET"]}}],"collection":[{"href":"https:\/\/www.chupia.ch\/web\/index.php?rest_route=\/wp\/v2\/pages"}],"about":[{"href":"https:\/\/www.chupia.ch\/web\/index.php?rest_route=\/wp\/v2\/types\/page"}],"author":[{"embeddable":true,"href":"https:\/\/www.chupia.ch\/web\/index.php?rest_route=\/wp\/v2\/users\/1"}],"replies":[{"embeddable":true,"href":"https:\/\/www.chupia.ch\/web\/index.php?rest_route=%2Fwp%2Fv2%2Fcomments&post=8"}],"version-history":[{"count":45,"href":"https:\/\/www.chupia.ch\/web\/index.php?rest_route=\/wp\/v2\/pages\/8\/revisions"}],"predecessor-version":[{"id":1840,"href":"https:\/\/www.chupia.ch\/web\/index.php?rest_route=\/wp\/v2\/pages\/8\/revisions\/1840"}],"wp:attachment":[{"href":"https:\/\/www.chupia.ch\/web\/index.php?rest_route=%2Fwp%2Fv2%2Fmedia&parent=8"}],"curies":[{"name":"wp","href":"https:\/\/api.w.org\/{rel}","templated":true}]}}