{"id":656,"date":"2015-07-22T20:45:55","date_gmt":"2015-07-22T19:45:55","guid":{"rendered":"http:\/\/www.chupia.ch\/web\/?page_id=656"},"modified":"2022-12-07T16:51:34","modified_gmt":"2022-12-07T15:51:34","slug":"gallerie-photos","status":"publish","type":"page","link":"https:\/\/www.chupia.ch\/web\/?page_id=656","title":{"rendered":"Galerie Photos"},"content":{"rendered":"<p>Quelques photos sont disponibles sur <a href=\"https:\/\/www.flickr.com\/photos\/chupiapante\/\">Flickr<\/a>.<\/p>\n","protected":false},"excerpt":{"rendered":"<p>Quelques photos sont disponibles sur Flickr.<\/p>\n","protected":false},"author":1,"featured_media":0,"parent":0,"menu_order":0,"comment_status":"closed","ping_status":"open","template":"","meta":{"_acf_changed":false,"jetpack_post_was_ever_published":false,"footnotes":""},"class_list":["post-656","page","type-page","status-publish","hentry"],"acf":[],"jetpack_sharing_enabled":true,"jetpack_shortlink":"https:\/\/wp.me\/P6GBnZ-aA","jetpack-related-posts":[{"id":1017,"url":"https:\/\/www.chupia.ch\/web\/?page_id=1017","url_meta":{"origin":656,"position":0},"title":"Galerie Vid\u00e9o","author":"francois","date":"8 mai 2018","format":false,"excerpt":"","rel":"","context":"Article similaire","block_context":{"text":"Article similaire","link":""},"img":{"alt_text":"","src":"","width":0,"height":0},"classes":[]},{"id":753,"url":"https:\/\/www.chupia.ch\/web\/?page_id=753","url_meta":{"origin":656,"position":1},"title":"Voir les horaires disponibles","author":"luc","date":"18 octobre 2015","format":false,"excerpt":"","rel":"","context":"Article similaire","block_context":{"text":"Article similaire","link":""},"img":{"alt_text":"","src":"","width":0,"height":0},"classes":[]},{"id":628,"url":"https:\/\/www.chupia.ch\/web\/?page_id=628","url_meta":{"origin":656,"position":2},"title":"Informations","author":"francois","date":"14 juillet 2015","format":false,"excerpt":"Organisation CS Marsens (Groupe course \u00e0 pied) Samedi 10 octobre 2026 Inscriptions Par Internet : http:\/\/www.chupia.ch, jusqu\u2019au 08 octobre 2026 \u00e0 12h00. Sur place: au plus tard 15 minutes avant le d\u00e9part individuel pour le contre-la-montre ou 45 minutes avant le d\u00e9part de la cat\u00e9gorie pour les courses du matin.\u2026","rel":"","context":"Article similaire","block_context":{"text":"Article similaire","link":""},"img":{"alt_text":"","src":"","width":0,"height":0},"classes":[]},{"id":2,"url":"https:\/\/www.chupia.ch\/web\/?page_id=2","url_meta":{"origin":656,"position":3},"title":"Page d&rsquo;exemple","author":"francois","date":"5 mai 2015","format":false,"excerpt":"Voici un exemple de page. Elle est diff\u00e9rente d'un article de blog, en cela qu'elle restera \u00e0 la m\u00eame place, et s'affichera dans le menu de navigation de votre site (en fonction de votre th\u00e8me). La plupart des gens commencent par \u00e9crire une page \u00ab \u00c0 Propos \u00bb qui les\u2026","rel":"","context":"Article similaire","block_context":{"text":"Article similaire","link":""},"img":{"alt_text":"","src":"","width":0,"height":0},"classes":[]}],"_links":{"self":[{"href":"https:\/\/www.chupia.ch\/web\/index.php?rest_route=\/wp\/v2\/pages\/656","targetHints":{"allow":["GET"]}}],"collection":[{"href":"https:\/\/www.chupia.ch\/web\/index.php?rest_route=\/wp\/v2\/pages"}],"about":[{"href":"https:\/\/www.chupia.ch\/web\/index.php?rest_route=\/wp\/v2\/types\/page"}],"author":[{"embeddable":true,"href":"https:\/\/www.chupia.ch\/web\/index.php?rest_route=\/wp\/v2\/users\/1"}],"replies":[{"embeddable":true,"href":"https:\/\/www.chupia.ch\/web\/index.php?rest_route=%2Fwp%2Fv2%2Fcomments&post=656"}],"version-history":[{"count":4,"href":"https:\/\/www.chupia.ch\/web\/index.php?rest_route=\/wp\/v2\/pages\/656\/revisions"}],"predecessor-version":[{"id":1512,"href":"https:\/\/www.chupia.ch\/web\/index.php?rest_route=\/wp\/v2\/pages\/656\/revisions\/1512"}],"wp:attachment":[{"href":"https:\/\/www.chupia.ch\/web\/index.php?rest_route=%2Fwp%2Fv2%2Fmedia&parent=656"}],"curies":[{"name":"wp","href":"https:\/\/api.w.org\/{rel}","templated":true}]}}