{"id":628,"date":"2015-07-14T19:10:38","date_gmt":"2015-07-14T18:10:38","guid":{"rendered":"http:\/\/chupia.buntschu.ch\/?page_id=628"},"modified":"2026-03-30T19:19:36","modified_gmt":"2026-03-30T18:19:36","slug":"informations-2","status":"publish","type":"page","link":"https:\/\/www.chupia.ch\/web\/?page_id=628","title":{"rendered":"Informations"},"content":{"rendered":"<h2>Organisation<\/h2>\n<p>CS Marsens (Groupe course \u00e0 pied) Samedi 10 octobre 2026<\/p>\n<h2>Inscriptions<\/h2>\n<p>Par Internet : <a href=\"http:\/\/www.chupia.ch\">http:\/\/www.chupia.ch<\/a>, jusqu\u2019au 08 octobre 2026 \u00e0 12h00.<br \/>\nSur place: au plus tard 15 minutes avant le d\u00e9part individuel pour le contre-la-montre ou 45 minutes avant le d\u00e9part de la cat\u00e9gorie pour les courses du matin.<br \/>\nPaiement sur place en cash ou par TWINT.<\/p>\n<h2>D\u00e9couverte du parcours<\/h2>\n<p>Le parcours sera balis\u00e9 d\u00e8s le 24 septembre est sera disponible aux coureurs pour un rep\u00e9rage.<\/p>\n<h2>Distribution des dossards<\/h2>\n<p>Halle de gymnastique, d\u00e8s 8h30 (au plus tard 45 min. avant le d\u00e9part, en particulier pour les courses du matin).<\/p>\n<h2>Vestiaires \/ douches<\/h2>\n<p>Halle de gymnastique<\/p>\n<h2>D\u00e9part &#8211; arriv\u00e9e<\/h2>\n<p>Lieu: cour de la \u00ab\u00a0Ferme communale\u00a0\u00bb \u00e0 Marsens (<a href=\"https:\/\/www.chupia.ch\/web\/?page_id=638\">selon plan<\/a>).<br \/>\nD\u00e9parts en ligne pour les courses enfants &amp; adapt\u00e9es d\u00e8s 9h45<br \/>\nD\u00e9parts individuels pour le contre-la-montre: de 13h15 \u00e0 16h (selon heure de d\u00e9part lors de l&rsquo;inscription).<\/p>\n<h2>Prix sp\u00e9ciaux<\/h2>\n<p>A chaque cat\u00e9gorie. Les prix ne seront pas envoy\u00e9s. Prix souvenir pour les cat\u00e9gories 1 \u00e0 13.<br \/>\n<span style=\"font-size: 16px;\">Un prix sp\u00e9cial sera attribu\u00e9 \u00e0 celui ou celle qui battra le record du parcours. Le montant est de 100.- pour le record des hommes et 100.- pour le record des dames. Il est offert par le CS Marsens.<\/span><\/p>\n<h2>Proclamation des r\u00e9sultats<\/h2>\n<p>13h00: courses enfants &amp; adapt\u00e9es, prix pour les 5 premiers de chaque cat\u00e9gorie, halle de gymnastique.<br \/>\n17h00 : courses contre-la-montre, prix pour les 5 premiers de chaque cat\u00e9gorie, halle de gymnastique.<br \/>\nLes r\u00e9sultats seront aussi disponibles en ligne sur notre site Internet.<\/p>\n<h2>Buvettes &#8211; Ravitaillements<\/h2>\n<p>A l\u2019arriv\u00e9e de la course et \u00e0 la halle de gymnastique. Repas chaud: nos traditionnels macaronis de chalet.<\/p>\n<h2>Assurance<\/h2>\n<p>L\u2019assurance est \u00e0 la charge du participant. Le CS Marsens d\u00e9cline toute responsabilit\u00e9 en cas d\u2019accident, de dommages et de vols.<\/p>\n<p>&nbsp;<\/p>\n<h2>Renseignements<\/h2>\n<p>Jeanne Hofer +41 79 606 47 49<\/p>\n","protected":false},"excerpt":{"rendered":"<p>Organisation CS Marsens (Groupe course \u00e0 pied) Samedi 10 octobre 2026 Inscriptions Par Internet : http:\/\/www.chupia.ch, jusqu\u2019au 08 octobre 2026 \u00e0 12h00. Sur place: au plus tard 15 minutes avant le d\u00e9part individuel pour le contre-la-montre ou 45 minutes avant le d\u00e9part de la cat\u00e9gorie pour les courses du matin. [&hellip;]<\/p>\n","protected":false},"author":1,"featured_media":0,"parent":0,"menu_order":0,"comment_status":"closed","ping_status":"open","template":"","meta":{"_acf_changed":false,"jetpack_post_was_ever_published":false,"footnotes":""},"class_list":["post-628","page","type-page","status-publish","hentry"],"acf":[],"jetpack_sharing_enabled":true,"jetpack_shortlink":"https:\/\/wp.me\/P6GBnZ-a8","jetpack-related-posts":[{"id":6,"url":"https:\/\/www.chupia.ch\/web\/?page_id=6","url_meta":{"origin":628,"position":0},"title":"Derniers articles","author":"francois","date":"6 mai 2015","format":false,"excerpt":"Inscriptions Internet: www.chupia.ch,\u00a0jusqu\u2019au 7 octobre 2015 \u00e0 12h00 puis sur place, 15 min. avant le d\u00e9part individuel pour le contre-la-montre\u00a0ou 45 min. avant le d\u00e9part de la cat\u00e9gorie pour les courses des enfants Pour l'\u00e9preuve Walking, inscription uniquement sur place sans suppl\u00e9ment. Distribution\u00a0des dossards Halle de gym, d\u00e8s 08h00 (au\u2026","rel":"","context":"Article similaire","block_context":{"text":"Article similaire","link":""},"img":{"alt_text":"","src":"","width":0,"height":0},"classes":[]},{"id":994,"url":"https:\/\/www.chupia.ch\/web\/?page_id=994","url_meta":{"origin":628,"position":1},"title":"Home with Video","author":"francois","date":"1 mai 2018","format":false,"excerpt":"La course \u00e0 lieu \u00e0 Marsens. Vestiaires et dossards: Halle de gymnastique D\u00e9part-arriv\u00e9e au centre de Marsens, \u00e0 la \"Ferme Communale\"","rel":"","context":"Article similaire","block_context":{"text":"Article similaire","link":""},"img":{"alt_text":"","src":"","width":0,"height":0},"classes":[]},{"id":543,"url":"https:\/\/www.chupia.ch\/web\/","url_meta":{"origin":628,"position":2},"title":"Home","author":"francois","date":"21 janvier 2015","format":false,"excerpt":"La course a lieu \u00e0 Marsens. Vestiaires et dossards: Halle de gymnastique D\u00e9part-arriv\u00e9e au centre de Marsens, \u00e0 la \"Ferme Communale\"","rel":"","context":"Article similaire","block_context":{"text":"Article similaire","link":""},"img":{"alt_text":"","src":"","width":0,"height":0},"classes":[]},{"id":1385,"url":"https:\/\/www.chupia.ch\/web\/?page_id=1385","url_meta":{"origin":628,"position":3},"title":"2021, la 26\u00e8me \u00e9dition","author":"francois","date":"22 ao\u00fbt 2021","format":false,"excerpt":"Apr\u00e8s une tr\u00e8s belle course 2020 marqu\u00e9e par la pand\u00e9mie, nous pensons d\u00e9j\u00e0 \u00e0 notre prochaine \u00e9dition 2021 \u00a0! On vous donne rendez-vous le 9 octobre 2021\u00a0pour la 26\u00e8me \u00e9dition ! Si les conditions actuelles restent ce qu'elles sont, nous pourrons normalement r\u00e9aliser la course selon le mod\u00e8le des ann\u00e9es\u2026","rel":"","context":"Article similaire","block_context":{"text":"Article similaire","link":""},"img":{"alt_text":"","src":"https:\/\/i0.wp.com\/www.chupia.ch\/web\/wp-content\/uploads\/2020\/08\/Logo-FriRun-CUP_norm40gl.jpg?resize=350%2C200&ssl=1","width":350,"height":200},"classes":[]},{"id":8,"url":"https:\/\/www.chupia.ch\/web\/?page_id=8","url_meta":{"origin":628,"position":4},"title":"Programme et cat\u00e9gories","author":"francois","date":"6 mai 2015","format":false,"excerpt":"Courses enfants & adapt\u00e9es Cat\u00e9gories Ann\u00e9es Distance D\u00e9part Finance 1 Poussins 2018 et plus jeunes 0,7 km 09h45 CHF 10 2 Poussines 2018 et plus jeunes 0,7 km 10h00 CHF 10 3 Ecoliers C 2016-2017 1 km 10h15 CHF 10 4 Ecoli\u00e8res C 2016-2017 1 km 10h30 CHF 10 5\u2026","rel":"","context":"Article similaire","block_context":{"text":"Article similaire","link":""},"img":{"alt_text":"","src":"","width":0,"height":0},"classes":[]},{"id":1888,"url":"https:\/\/www.chupia.ch\/web\/?page_id=1888","url_meta":{"origin":628,"position":5},"title":"2026, la 31\u00e8me \u00e9dition","author":"francois","date":"31 mars 2026","format":false,"excerpt":"Apr\u00e8s une course 2025 pleine de bons moments, nous pensons d\u00e9j\u00e0 \u00e0 notre prochaine \u00e9dition 2026\u00a0 ! On vous donne rendez-vous le 10 octobre 2026 pour la 31\u00e8me \u00e9dition !","rel":"","context":"Article similaire","block_context":{"text":"Article similaire","link":""},"img":{"alt_text":"","src":"","width":0,"height":0},"classes":[]}],"_links":{"self":[{"href":"https:\/\/www.chupia.ch\/web\/index.php?rest_route=\/wp\/v2\/pages\/628","targetHints":{"allow":["GET"]}}],"collection":[{"href":"https:\/\/www.chupia.ch\/web\/index.php?rest_route=\/wp\/v2\/pages"}],"about":[{"href":"https:\/\/www.chupia.ch\/web\/index.php?rest_route=\/wp\/v2\/types\/page"}],"author":[{"embeddable":true,"href":"https:\/\/www.chupia.ch\/web\/index.php?rest_route=\/wp\/v2\/users\/1"}],"replies":[{"embeddable":true,"href":"https:\/\/www.chupia.ch\/web\/index.php?rest_route=%2Fwp%2Fv2%2Fcomments&post=628"}],"version-history":[{"count":46,"href":"https:\/\/www.chupia.ch\/web\/index.php?rest_route=\/wp\/v2\/pages\/628\/revisions"}],"predecessor-version":[{"id":1885,"href":"https:\/\/www.chupia.ch\/web\/index.php?rest_route=\/wp\/v2\/pages\/628\/revisions\/1885"}],"wp:attachment":[{"href":"https:\/\/www.chupia.ch\/web\/index.php?rest_route=%2Fwp%2Fv2%2Fmedia&parent=628"}],"curies":[{"name":"wp","href":"https:\/\/api.w.org\/{rel}","templated":true}]}}