{"id":1888,"date":"2026-03-31T08:05:37","date_gmt":"2026-03-31T07:05:37","guid":{"rendered":"https:\/\/www.chupia.ch\/web\/?page_id=1888"},"modified":"2026-03-31T08:05:37","modified_gmt":"2026-03-31T07:05:37","slug":"2026-la-31eme-edition","status":"publish","type":"page","link":"https:\/\/www.chupia.ch\/web\/?page_id=1888","title":{"rendered":"2026, la 31\u00e8me \u00e9dition"},"content":{"rendered":"<p>Apr\u00e8s une course 2025 pleine de bons moments, nous pensons d\u00e9j\u00e0 \u00e0 notre prochaine \u00e9dition 2026\u00a0 !<\/p>\n<p>On vous donne rendez-vous le 10 octobre 2026 pour la 31\u00e8me \u00e9dition !<\/p>\n","protected":false},"excerpt":{"rendered":"<p>Apr\u00e8s une course 2025 pleine de bons moments, nous pensons d\u00e9j\u00e0 \u00e0 notre prochaine \u00e9dition 2026\u00a0 ! On vous donne rendez-vous le 10 octobre 2026 pour la 31\u00e8me \u00e9dition !<\/p>\n","protected":false},"author":1,"featured_media":0,"parent":0,"menu_order":0,"comment_status":"closed","ping_status":"closed","template":"","meta":{"_acf_changed":false,"jetpack_post_was_ever_published":false,"footnotes":""},"class_list":["post-1888","page","type-page","status-publish","hentry"],"acf":[],"jetpack_sharing_enabled":true,"jetpack_shortlink":"https:\/\/wp.me\/P6GBnZ-us","jetpack-related-posts":[{"id":628,"url":"https:\/\/www.chupia.ch\/web\/?page_id=628","url_meta":{"origin":1888,"position":0},"title":"Informations","author":"francois","date":"14 juillet 2015","format":false,"excerpt":"Organisation CS Marsens (Groupe course \u00e0 pied) Samedi 10 octobre 2026 Inscriptions Par Internet : http:\/\/www.chupia.ch, jusqu\u2019au 08 octobre 2026 \u00e0 12h00. Sur place: au plus tard 15 minutes avant le d\u00e9part individuel pour le contre-la-montre ou 45 minutes avant le d\u00e9part de la cat\u00e9gorie pour les courses du matin.\u2026","rel":"","context":"Article similaire","block_context":{"text":"Article similaire","link":""},"img":{"alt_text":"","src":"","width":0,"height":0},"classes":[]},{"id":597,"url":"https:\/\/www.chupia.ch\/web\/?page_id=597","url_meta":{"origin":1888,"position":1},"title":"D\u00e9tails 20\u00e8me Edition","author":"francois","date":"3 juin 2015","format":false,"excerpt":"Voici les d\u00e9tails (particularit\u00e9s) de la 20\u00e8me \u00e9dition de la Chupia Pante: \u00a0 bla bla","rel":"","context":"Article similaire","block_context":{"text":"Article similaire","link":""},"img":{"alt_text":"","src":"","width":0,"height":0},"classes":[]},{"id":961,"url":"https:\/\/www.chupia.ch\/web\/?page_id=961","url_meta":{"origin":1888,"position":2},"title":"2019, la 24\u00e8me \u00e9dition","author":"francois","date":"9 octobre 2017","format":false,"excerpt":"Apr\u00e8s une tr\u00e8s belle cuv\u00e9e 2018, nous pensons d\u00e9j\u00e0 \u00e0 notre prochaine \u00e9dition 2019 \u00a0! On vous donne rendez-vous le 12 octobre 2019\u00a0pour la 24\u00e8me \u00e9dition !","rel":"","context":"Article similaire","block_context":{"text":"Article similaire","link":""},"img":{"alt_text":"","src":"","width":0,"height":0},"classes":[]},{"id":1443,"url":"https:\/\/www.chupia.ch\/web\/?page_id=1443","url_meta":{"origin":1888,"position":3},"title":"2022, la 27\u00e8me \u00e9dition","author":"francois","date":"12 octobre 2021","format":false,"excerpt":"Apr\u00e8s une tr\u00e8s belle course 2021 avec le retour des courses des enfants, nous pensons d\u00e9j\u00e0 \u00e0 notre prochaine \u00e9dition 2022 \u00a0! On vous donne rendez-vous le 8 octobre 2022\u00a0pour la 27\u00e8me \u00e9dition !","rel":"","context":"Article similaire","block_context":{"text":"Article similaire","link":""},"img":{"alt_text":"","src":"","width":0,"height":0},"classes":[]},{"id":1503,"url":"https:\/\/www.chupia.ch\/web\/?page_id=1503","url_meta":{"origin":1888,"position":4},"title":"2023, la 28\u00e8me \u00e9dition","author":"francois","date":"7 novembre 2022","format":false,"excerpt":"Apr\u00e8s une tr\u00e8s belle course 2022 et un retour \u00e0 la \"normal\", nous pensons d\u00e9j\u00e0 \u00e0 notre prochaine \u00e9dition 2023 \u00a0! On vous donne rendez-vous le 7\u00a0octobre 2023\u00a0pour la 28\u00e8me \u00e9dition !","rel":"","context":"Article similaire","block_context":{"text":"Article similaire","link":""},"img":{"alt_text":"","src":"","width":0,"height":0},"classes":[]},{"id":1667,"url":"https:\/\/www.chupia.ch\/web\/?page_id=1667","url_meta":{"origin":1888,"position":5},"title":"2024, la 29\u00e8me \u00e9dition","author":"francois","date":"8 octobre 2023","format":false,"excerpt":"Apr\u00e8s une course 2023 de tous les records (participation et record chez les dames, nous pensons d\u00e9j\u00e0 \u00e0 notre prochaine \u00e9dition 2024\u00a0 ! On vous donne rendez-vous le 12 octobre 2024 pour la 29\u00e8me \u00e9dition !","rel":"","context":"Article similaire","block_context":{"text":"Article similaire","link":""},"img":{"alt_text":"","src":"","width":0,"height":0},"classes":[]}],"_links":{"self":[{"href":"https:\/\/www.chupia.ch\/web\/index.php?rest_route=\/wp\/v2\/pages\/1888","targetHints":{"allow":["GET"]}}],"collection":[{"href":"https:\/\/www.chupia.ch\/web\/index.php?rest_route=\/wp\/v2\/pages"}],"about":[{"href":"https:\/\/www.chupia.ch\/web\/index.php?rest_route=\/wp\/v2\/types\/page"}],"author":[{"embeddable":true,"href":"https:\/\/www.chupia.ch\/web\/index.php?rest_route=\/wp\/v2\/users\/1"}],"replies":[{"embeddable":true,"href":"https:\/\/www.chupia.ch\/web\/index.php?rest_route=%2Fwp%2Fv2%2Fcomments&post=1888"}],"version-history":[{"count":1,"href":"https:\/\/www.chupia.ch\/web\/index.php?rest_route=\/wp\/v2\/pages\/1888\/revisions"}],"predecessor-version":[{"id":1889,"href":"https:\/\/www.chupia.ch\/web\/index.php?rest_route=\/wp\/v2\/pages\/1888\/revisions\/1889"}],"wp:attachment":[{"href":"https:\/\/www.chupia.ch\/web\/index.php?rest_route=%2Fwp%2Fv2%2Fmedia&parent=1888"}],"curies":[{"name":"wp","href":"https:\/\/api.w.org\/{rel}","templated":true}]}}